{"id":482,"date":"2021-02-08T12:57:25","date_gmt":"2021-02-08T12:57:25","guid":{"rendered":"https:\/\/smarttech.creare-siteweb.ro\/?page_id=482"},"modified":"2023-09-19T09:46:24","modified_gmt":"2023-09-19T09:46:24","slug":"reception-visitors-guest-management","status":"publish","type":"page","link":"https:\/\/smart-tech-center.ro\/en\/reception-visitors-guest-management\/","title":{"rendered":"Sistem de gestionare a recep\u021biei"},"content":{"rendered":"<div data-elementor-type=\"wp-page\" data-elementor-id=\"482\" class=\"elementor elementor-482\" data-elementor-settings=\"[]\">\n\t\t\t\t\t\t<div class=\"elementor-inner\">\n\t\t\t\t\t\t\t<div class=\"elementor-section-wrap\">\n\t\t\t\t\t\t\t<section class=\"elementor-section elementor-top-section elementor-element elementor-element-bc90e59 elementor-section-boxed elementor-section-height-default elementor-section-height-default\" data-id=\"bc90e59\" data-element_type=\"section\" data-settings=\"{&quot;background_background&quot;:&quot;classic&quot;}\">\n\t\t\t\t\t\t<div class=\"elementor-container elementor-column-gap-default\">\n\t\t\t\t\t\t\t<div class=\"elementor-row\">\n\t\t\t\t\t<div class=\"elementor-column elementor-col-100 elementor-top-column elementor-element elementor-element-ee9659a\" data-id=\"ee9659a\" data-element_type=\"column\">\n\t\t\t<div class=\"elementor-column-wrap elementor-element-populated\">\n\t\t\t\t\t\t\t<div class=\"elementor-widget-wrap\">\n\t\t\t\t\t\t<div class=\"elementor-element elementor-element-04fb583 elementor-widget elementor-widget-heading\" data-id=\"04fb583\" data-element_type=\"widget\" data-settings=\"{&quot;_animation&quot;:&quot;none&quot;}\" data-widget_type=\"heading.default\">\n\t\t\t\t<div class=\"elementor-widget-container\">\n\t\t\t<h2 class=\"elementor-heading-title elementor-size-default\">Reception Visitors\/Guest Management<\/h2>\t\t<\/div>\n\t\t\t\t<\/div>\n\t\t\t\t\t\t<\/div>\n\t\t\t\t\t<\/div>\n\t\t<\/div>\n\t\t\t\t\t\t\t\t<\/div>\n\t\t\t\t\t<\/div>\n\t\t<\/section>\n\t\t\t\t<section class=\"elementor-section elementor-top-section elementor-element elementor-element-ed938a3 elementor-section-boxed elementor-section-height-default elementor-section-height-default\" data-id=\"ed938a3\" data-element_type=\"section\">\n\t\t\t\t\t\t<div class=\"elementor-container elementor-column-gap-default\">\n\t\t\t\t\t\t\t<div class=\"elementor-row\">\n\t\t\t\t\t<div class=\"elementor-column elementor-col-50 elementor-top-column elementor-element elementor-element-3bb7498\" data-id=\"3bb7498\" data-element_type=\"column\">\n\t\t\t<div class=\"elementor-column-wrap elementor-element-populated\">\n\t\t\t\t\t\t\t<div class=\"elementor-widget-wrap\">\n\t\t\t\t\t\t<div class=\"elementor-element elementor-element-97fac35 elementor-widget elementor-widget-text-editor\" data-id=\"97fac35\" data-element_type=\"widget\" data-widget_type=\"text-editor.default\">\n\t\t\t\t<div class=\"elementor-widget-container\">\n\t\t\t\t\t\t\t\t<div class=\"elementor-text-editor elementor-clearfix\">\n\t\t\t\t\t<p><strong>SOFTWARE AND HARDWARE SOLUTIONS FOR EMPLOYEES, GUESTS AND VISITORS MANAGEMENT<\/strong><\/p><p><strong>Visitors 4.0 for visitor management in your company!<\/strong><\/p><p class=\" translation-block\">Visitors 4.0 is the XAtlas software module that can be integrated into the Access Control system, for secure, efficient visitor management via the web.<\/p><p class=\" translation-block\">Visitors 4.0 offers a complete visitor control and records all transits during their stay in the premises in a transparent and detailed way.<\/p><p class=\" translation-block\">With Visitors 4.0 you can:<\/p><ul><li>Manage visitor access flow securely and efficiently;<\/li><li>Optimize accreditation operations;<\/li><li>Differentiate operational modes;<\/li><li>Limit management costs;<\/li><li>Use new technologies for accreditation and identification; <strong>noi tehnologii<\/strong> pentru acreditare \u0219i identificare;<\/li><li>Constantly monitor the presence of visitors in the company;<\/li><li>Dematerialize visit-related documentation.<\/li><\/ul>\t\t\t\t\t<\/div>\n\t\t\t\t\t\t<\/div>\n\t\t\t\t<\/div>\n\t\t\t\t\t\t<\/div>\n\t\t\t\t\t<\/div>\n\t\t<\/div>\n\t\t\t\t<div class=\"elementor-column elementor-col-50 elementor-top-column elementor-element elementor-element-45d14da\" data-id=\"45d14da\" data-element_type=\"column\" data-settings=\"{&quot;background_background&quot;:&quot;classic&quot;}\">\n\t\t\t<div class=\"elementor-column-wrap elementor-element-populated\">\n\t\t\t\t\t\t\t<div class=\"elementor-widget-wrap\">\n\t\t\t\t\t\t<div class=\"elementor-element elementor-element-749755a elementor-aspect-ratio-169 elementor-widget elementor-widget-video\" data-id=\"749755a\" data-element_type=\"widget\" data-settings=\"{&quot;youtube_url&quot;:&quot;https:\\\/\\\/www.youtube.com\\\/watch?v=dYd4OvbT3hU&amp;feature=emb_title&quot;,&quot;video_type&quot;:&quot;youtube&quot;,&quot;controls&quot;:&quot;yes&quot;,&quot;aspect_ratio&quot;:&quot;169&quot;}\" data-widget_type=\"video.default\">\n\t\t\t\t<div class=\"elementor-widget-container\">\n\t\t\t\t\t<div class=\"elementor-wrapper elementor-fit-aspect-ratio elementor-open-inline\">\n\t\t\t<div class=\"elementor-video\"><\/div>\t\t<\/div>\n\t\t\t\t<\/div>\n\t\t\t\t<\/div>\n\t\t\t\t\t\t<\/div>\n\t\t\t\t\t<\/div>\n\t\t<\/div>\n\t\t\t\t\t\t\t\t<\/div>\n\t\t\t\t\t<\/div>\n\t\t<\/section>\n\t\t\t\t<section class=\"elementor-section elementor-top-section elementor-element elementor-element-8c05078 elementor-section-boxed elementor-section-height-default elementor-section-height-default\" data-id=\"8c05078\" data-element_type=\"section\">\n\t\t\t\t\t\t<div class=\"elementor-container elementor-column-gap-default\">\n\t\t\t\t\t\t\t<div class=\"elementor-row\">\n\t\t\t\t\t<div class=\"elementor-column elementor-col-100 elementor-top-column elementor-element elementor-element-55d5208\" data-id=\"55d5208\" data-element_type=\"column\">\n\t\t\t<div class=\"elementor-column-wrap elementor-element-populated\">\n\t\t\t\t\t\t\t<div class=\"elementor-widget-wrap\">\n\t\t\t\t\t\t<div class=\"elementor-element elementor-element-630b5b7 elementor-widget elementor-widget-image\" data-id=\"630b5b7\" data-element_type=\"widget\" data-widget_type=\"image.default\">\n\t\t\t\t<div class=\"elementor-widget-container\">\n\t\t\t\t\t\t\t\t<div class=\"elementor-image\">\n\t\t\t\t\t\t\t\t\t\t\t\t<img loading=\"lazy\" decoding=\"async\" width=\"1024\" height=\"683\" src=\"https:\/\/smart-tech-center.ro\/wp-content\/uploads\/2021\/02\/rcp1-1024x683.jpg\" class=\"attachment-large size-large\" alt=\"\" srcset=\"https:\/\/smart-tech-center.ro\/wp-content\/uploads\/2021\/02\/rcp1-1024x683.jpg 1024w, https:\/\/smart-tech-center.ro\/wp-content\/uploads\/2021\/02\/rcp1-300x200.jpg 300w, https:\/\/smart-tech-center.ro\/wp-content\/uploads\/2021\/02\/rcp1-768x512.jpg 768w, https:\/\/smart-tech-center.ro\/wp-content\/uploads\/2021\/02\/rcp1-1536x1024.jpg 1536w, https:\/\/smart-tech-center.ro\/wp-content\/uploads\/2021\/02\/rcp1.jpg 1600w\" sizes=\"auto, (max-width: 1024px) 100vw, 1024px\" \/>\t\t\t\t\t\t\t\t\t\t\t\t\t\t<\/div>\n\t\t\t\t\t\t<\/div>\n\t\t\t\t<\/div>\n\t\t\t\t\t\t<\/div>\n\t\t\t\t\t<\/div>\n\t\t<\/div>\n\t\t\t\t\t\t\t\t<\/div>\n\t\t\t\t\t<\/div>\n\t\t<\/section>\n\t\t\t\t<section class=\"elementor-section elementor-top-section elementor-element elementor-element-ff1d4a8 elementor-section-boxed elementor-section-height-default elementor-section-height-default\" data-id=\"ff1d4a8\" data-element_type=\"section\">\n\t\t\t\t\t\t<div class=\"elementor-container elementor-column-gap-default\">\n\t\t\t\t\t\t\t<div class=\"elementor-row\">\n\t\t\t\t\t<div class=\"elementor-column elementor-col-100 elementor-top-column elementor-element elementor-element-b8d609f\" data-id=\"b8d609f\" data-element_type=\"column\">\n\t\t\t<div class=\"elementor-column-wrap elementor-element-populated\">\n\t\t\t\t\t\t\t<div class=\"elementor-widget-wrap\">\n\t\t\t\t\t\t<div class=\"elementor-element elementor-element-a56ace3 elementor-widget elementor-widget-text-editor\" data-id=\"a56ace3\" data-element_type=\"widget\" data-widget_type=\"text-editor.default\">\n\t\t\t\t<div class=\"elementor-widget-container\">\n\t\t\t\t\t\t\t\t<div class=\"elementor-text-editor elementor-clearfix\">\n\t\t\t\t\t<p><strong>Manage your visitors in two ways:<\/strong><\/p><p class=\" translation-block\">Visitors 4.0 offers the possibility of being able to choose the check-in mode. Your visitors will receive their invitation, access codes and privacy acceptance forms by email. On the day of the event, they can choose whether to register at reception or automatically.<\/p><p class=\" translation-block\">The operator can carry out the following activities at reception:<\/p><ul><li>Scan the ID document;<\/li><li>Alter authorizations;<\/li><li>Extend the duration of the visit;<\/li><li>Select the badge or pre-registration via the station reader;<\/li><li>Print off disposable access credentials;<\/li><li>Photograph the guest for photo placement on the Pass.<\/li><\/ul><p>After registration:<\/p><ul><li>The system notifies the company contact;<\/li><li>The operator hands over the badge with pre-set authorizations;<\/li><li>The visitor can access the event.<\/li><\/ul><p class=\" translation-block\">In Self Check-in mode, the guest takes part part in the event directly, registering automatically with the access codes received in the invitation:<\/p><ul><li>Qr code;<\/li><li>Pin code;<\/li><li>Entro App.<\/li><\/ul><p>With Self Check-in, the procedure is even quicker and practical. The guest can only autonomously access the areas that he has been given permission for and it is always possible to monitor where the guest is inside the company.<\/p><p>Download Reception Management System brochure<\/p>\t\t\t\t\t<\/div>\n\t\t\t\t\t\t<\/div>\n\t\t\t\t<\/div>\n\t\t\t\t<div class=\"elementor-element elementor-element-3b12ffc elementor-align-center elementor-widget elementor-widget-button\" data-id=\"3b12ffc\" data-element_type=\"widget\" data-widget_type=\"button.default\">\n\t\t\t\t<div class=\"elementor-widget-container\">\n\t\t\t\t\t<div class=\"elementor-button-wrapper\">\n\t\t\t<a href=\"\/wp-content\/uploads\/2021\/02\/SistemaGestioneVisitatori_ENG.pdf\" target=\"_blank\" class=\"elementor-button-link elementor-button elementor-size-sm\" role=\"button\">\n\t\t\t\t\t\t<span class=\"elementor-button-content-wrapper\">\n\t\t\t\t\t\t<span class=\"elementor-button-icon elementor-align-icon-left\">\n\t\t\t\t<i aria-hidden=\"true\" class=\"fas fa-file-pdf\"><\/i>\t\t\t<\/span>\n\t\t\t\t\t\t<span class=\"elementor-button-text\">BROCHURE<\/span>\n\t\t<\/span>\n\t\t\t\t\t<\/a>\n\t\t<\/div>\n\t\t\t\t<\/div>\n\t\t\t\t<\/div>\n\t\t\t\t\t\t<\/div>\n\t\t\t\t\t<\/div>\n\t\t<\/div>\n\t\t\t\t\t\t\t\t<\/div>\n\t\t\t\t\t<\/div>\n\t\t<\/section>\n\t\t\t\t\t\t<\/div>\n\t\t\t\t\t\t<\/div>\n\t\t\t\t\t<\/div>","protected":false},"excerpt":{"rendered":"<p>Sistem de gestionare a recep\u021biei SOLU\u021aII SOFTWARE \u0218I HARDWARE PENTRU MANAGEMENTUL ANGAJA\u021aILOR \u0218I VIZITATORILOR Visitors 4.0 pentru gestionarea vizitatorilor \u00een compania dvs.! Visitors 4.0 este modulul software XAtlas care poate fi integrat \u00een sistemul de control al accesului, pentru o gestionare sigur\u0103 \u0219i eficient\u0103 a vizitatorilor prin web. Visitors 4.0 ofer\u0103 un control complet al &hellip;<\/p>\n<p class=\"read-more\"> <a class=\"\" href=\"https:\/\/smart-tech-center.ro\/en\/reception-visitors-guest-management\/\"> <span class=\"screen-reader-text\">Sistem de gestionare a recep\u021biei<\/span> Read More &raquo;<\/a><\/p>","protected":false},"author":1,"featured_media":0,"parent":0,"menu_order":0,"comment_status":"closed","ping_status":"closed","template":"","meta":{"footnotes":""},"class_list":["post-482","page","type-page","status-publish","hentry"],"_links":{"self":[{"href":"https:\/\/smart-tech-center.ro\/en\/wp-json\/wp\/v2\/pages\/482","targetHints":{"allow":["GET"]}}],"collection":[{"href":"https:\/\/smart-tech-center.ro\/en\/wp-json\/wp\/v2\/pages"}],"about":[{"href":"https:\/\/smart-tech-center.ro\/en\/wp-json\/wp\/v2\/types\/page"}],"author":[{"embeddable":true,"href":"https:\/\/smart-tech-center.ro\/en\/wp-json\/wp\/v2\/users\/1"}],"replies":[{"embeddable":true,"href":"https:\/\/smart-tech-center.ro\/en\/wp-json\/wp\/v2\/comments?post=482"}],"version-history":[{"count":22,"href":"https:\/\/smart-tech-center.ro\/en\/wp-json\/wp\/v2\/pages\/482\/revisions"}],"predecessor-version":[{"id":2082,"href":"https:\/\/smart-tech-center.ro\/en\/wp-json\/wp\/v2\/pages\/482\/revisions\/2082"}],"wp:attachment":[{"href":"https:\/\/smart-tech-center.ro\/en\/wp-json\/wp\/v2\/media?parent=482"}],"curies":[{"name":"wp","href":"https:\/\/api.w.org\/{rel}","templated":true}]}}